{"id":2510,"date":"2020-12-03T11:58:06","date_gmt":"2020-12-03T11:58:06","guid":{"rendered":"https:\/\/joveniajuveler.intelligentsolutions.se\/?page_id=2510"},"modified":"2021-12-08T23:47:53","modified_gmt":"2021-12-08T22:47:53","slug":"nyhetsbrev","status":"publish","type":"page","link":"https:\/\/joveniajuveler.se\/en\/nyhetsbrev\/","title":{"rendered":"Newsletter"},"content":{"rendered":"<style type=\"text\/css\" data-created_by=\"avia_inline_auto\" id=\"style-css-av-nlz4am-665dd565052f7a593986931ddc15a145\">\n.flex_column.av-nlz4am-665dd565052f7a593986931ddc15a145{\nborder-radius:0px 0px 0px 0px;\npadding:0px 0px 0px 0px;\n}\n<\/style>\n<div  class='flex_column av-nlz4am-665dd565052f7a593986931ddc15a145 av_one_half  avia-builder-el-0  el_before_av_one_half  avia-builder-el-first  first flex_column_div av-zero-column-padding'     ><div  class='avia-slideshow av-ki8sbbby-443a29abe41002566eb0b470456cb613 avia-slideshow-no scaling av_slideshow avia-fade-slider  avia-builder-el-1  avia-builder-el-no-sibling  av-slideshow-ui av-control-hidden av-no-slider-navigation av-hide-nav-arrows av-slideshow-autoplay av-loop-endless av-loop-manual-endless av-default-height-applied avia-slideshow-1' data-slideshow-options=\"{&quot;animation&quot;:&quot;fade&quot;,&quot;autoplay&quot;:true,&quot;loop_autoplay&quot;:&quot;endless&quot;,&quot;interval&quot;:5,&quot;loop_manual&quot;:&quot;manual-endless&quot;,&quot;autoplay_stopper&quot;:false,&quot;noNavigation&quot;:true,&quot;bg_slider&quot;:false,&quot;keep_padding&quot;:false,&quot;hoverpause&quot;:false,&quot;show_slide_delay&quot;:0}\"  itemprop=\"image\" itemscope=\"itemscope\" itemtype=\"https:\/\/schema.org\/ImageObject\" ><ul class='avia-slideshow-inner' style='padding-bottom: 100.1%;'><li  class='avia-slideshow-slide av-ki8sbbby-443a29abe41002566eb0b470456cb613__0  slide-1 slide-odd'><div data-rel='slideshow-1' class='avia-slide-wrap'   ><img decoding=\"async\" fetchpriority=\"high\" class=\"wp-image-2486 avia-img-lazy-loading-not-2486\"  src=\"https:\/\/joveniajuveler.se\/wp-content\/uploads\/2020\/12\/JOVEN_0465-scaled.jpg\" width=\"2000\" height=\"2002\" title='\u00d6rh\u00e4ngen i guld 18k.' alt='\u00d6rh\u00e4ngen i guld 18k.'  itemprop=\"thumbnailUrl\" srcset=\"https:\/\/joveniajuveler.se\/wp-content\/uploads\/2020\/12\/JOVEN_0465-scaled.jpg 2000w, https:\/\/joveniajuveler.se\/wp-content\/uploads\/2020\/12\/JOVEN_0465-300x300.jpg 300w, https:\/\/joveniajuveler.se\/wp-content\/uploads\/2020\/12\/JOVEN_0465-1030x1030.jpg 1030w, https:\/\/joveniajuveler.se\/wp-content\/uploads\/2020\/12\/JOVEN_0465-80x80.jpg 80w, https:\/\/joveniajuveler.se\/wp-content\/uploads\/2020\/12\/JOVEN_0465-768x769.jpg 768w, https:\/\/joveniajuveler.se\/wp-content\/uploads\/2020\/12\/JOVEN_0465-1534x1536.jpg 1534w, https:\/\/joveniajuveler.se\/wp-content\/uploads\/2020\/12\/JOVEN_0465-2046x2048.jpg 2046w, https:\/\/joveniajuveler.se\/wp-content\/uploads\/2020\/12\/JOVEN_0465-36x36.jpg 36w, https:\/\/joveniajuveler.se\/wp-content\/uploads\/2020\/12\/JOVEN_0465-180x180.jpg 180w, https:\/\/joveniajuveler.se\/wp-content\/uploads\/2020\/12\/JOVEN_0465-705x705.jpg 705w\" sizes=\"(max-width: 2000px) 100vw, 2000px\" \/><\/div><\/li><li  class='avia-slideshow-slide av-ki8sbbby-443a29abe41002566eb0b470456cb613__1  slide-2 slide-even'><div data-rel='slideshow-1' class='avia-slide-wrap'   ><img decoding=\"async\" fetchpriority=\"high\" class=\"wp-image-2491 avia-img-lazy-loading-not-2491\"  src=\"https:\/\/joveniajuveler.se\/wp-content\/uploads\/2020\/12\/JOVEN_0490.jpg\" width=\"1475\" height=\"1476\" title='Ring' alt=''  itemprop=\"thumbnailUrl\" srcset=\"https:\/\/joveniajuveler.se\/wp-content\/uploads\/2020\/12\/JOVEN_0490.jpg 1475w, https:\/\/joveniajuveler.se\/wp-content\/uploads\/2020\/12\/JOVEN_0490-300x300.jpg 300w, https:\/\/joveniajuveler.se\/wp-content\/uploads\/2020\/12\/JOVEN_0490-1030x1030.jpg 1030w, https:\/\/joveniajuveler.se\/wp-content\/uploads\/2020\/12\/JOVEN_0490-80x80.jpg 80w, https:\/\/joveniajuveler.se\/wp-content\/uploads\/2020\/12\/JOVEN_0490-768x769.jpg 768w, https:\/\/joveniajuveler.se\/wp-content\/uploads\/2020\/12\/JOVEN_0490-36x36.jpg 36w, https:\/\/joveniajuveler.se\/wp-content\/uploads\/2020\/12\/JOVEN_0490-180x180.jpg 180w, https:\/\/joveniajuveler.se\/wp-content\/uploads\/2020\/12\/JOVEN_0490-705x705.jpg 705w\" sizes=\"(max-width: 1475px) 100vw, 1475px\" \/><\/div><\/li><li  class='avia-slideshow-slide av-ki8sbbby-443a29abe41002566eb0b470456cb613__2  slide-3 slide-odd'><div data-rel='slideshow-1' class='avia-slide-wrap'   ><img decoding=\"async\" fetchpriority=\"high\" class=\"wp-image-2729 avia-img-lazy-loading-not-2729\"  src=\"https:\/\/joveniajuveler.se\/wp-content\/uploads\/2021\/11\/Armring-i-guld-18K.jpg\" width=\"1030\" height=\"1030\" title='Bracelet in gold 18k' alt='Armring i guld 18K. med briljantslipade diamanter tot. 3,575ct. lWF\/vs'  itemprop=\"thumbnailUrl\" srcset=\"https:\/\/joveniajuveler.se\/wp-content\/uploads\/2021\/11\/Armring-i-guld-18K.jpg 1030w, https:\/\/joveniajuveler.se\/wp-content\/uploads\/2021\/11\/Armring-i-guld-18K-300x300.jpg 300w, https:\/\/joveniajuveler.se\/wp-content\/uploads\/2021\/11\/Armring-i-guld-18K-80x80.jpg 80w, https:\/\/joveniajuveler.se\/wp-content\/uploads\/2021\/11\/Armring-i-guld-18K-768x768.jpg 768w, https:\/\/joveniajuveler.se\/wp-content\/uploads\/2021\/11\/Armring-i-guld-18K-12x12.jpg 12w, https:\/\/joveniajuveler.se\/wp-content\/uploads\/2021\/11\/Armring-i-guld-18K-36x36.jpg 36w, https:\/\/joveniajuveler.se\/wp-content\/uploads\/2021\/11\/Armring-i-guld-18K-180x180.jpg 180w, https:\/\/joveniajuveler.se\/wp-content\/uploads\/2021\/11\/Armring-i-guld-18K-705x705.jpg 705w\" sizes=\"(max-width: 1030px) 100vw, 1030px\" \/><\/div><\/li><\/ul><div class='avia-slideshow-arrows avia-slideshow-controls' ><a href='#prev' class='prev-slide' aria-hidden='true' data-av_icon='\ue87c' data-av_iconfont='entypo-fontello'  tabindex='-1'>Previous<\/a><a href='#next' class='next-slide' aria-hidden='true' data-av_icon='\ue87d' data-av_iconfont='entypo-fontello'  tabindex='-1'>Next<\/a><\/div><\/div><\/div>\n<style type=\"text\/css\" data-created_by=\"avia_inline_auto\" id=\"style-css-av-dgdgum-ce57ceff94de926934be142791f87041\">\n.flex_column.av-dgdgum-ce57ceff94de926934be142791f87041{\nborder-radius:0px 0px 0px 0px;\npadding:0px 0px 0px 0px;\n}\n<\/style>\n<div  class='flex_column av-dgdgum-ce57ceff94de926934be142791f87041 av_one_half  avia-builder-el-2  el_after_av_one_half  avia-builder-el-last  flex_column_div av-zero-column-padding'     ><section  class='av_textblock_section av-ki8sefim-6e88a647e012d55b60ae537906298eaa'   itemscope=\"itemscope\" itemtype=\"https:\/\/schema.org\/CreativeWork\" ><div class='avia_textblock'  itemprop=\"text\" ><h1>Newsletter<\/h1>\n<p>Subscribe to Jovenia Juveler's newsletter. In the newsletter, we present seasonal items from our collection or jewelry for special moments. Maybe we can inspire you to visit the store to experience modern design up close and get acquainted with timeless classics from the leading jewelry manufacturers.<\/p>\n<div id=\"mc_embed_signup\">\n<form id=\"mc-embedded-subscribe-form\" class=\"validate\" action=\"https:\/\/jartwork.us6.list-manage.com\/subscribe\/post?u=789749008ff97f2243576f7e2&#038;id=ce6330f0f6\" method=\"post\" name=\"mc-embedded-subscribe-form\" novalidate=\"novalidate\" target=\"_blank\">\n<div id=\"mc_embed_signup_scroll\">\n<h5>Subscribe to Jovenia Juveler's newsletter<\/h5>\n<div class=\"indicates-required\"><span class=\"asterisk\">*<\/span> Mandatory field<\/div>\n<\/div>\n<\/form>\n<\/div>\n<\/div><\/section><br \/>\n<form action=\"https:\/\/joveniajuveler.se\/en\/nyhetsbrev\/\" method=\"post\"  data-av-custom-send='mailchimp_send'data-fields-with-error=\"Found errors in the following field(s):\" class=\"avia_ajax_form av-form-labels-visible   avia-builder-el-4  el_after_av_textblock  avia-builder-el-last   avia-mailchimp-form\" data-avia-form-id=\"1\" data-avia-redirect='' data-trp-original-action=\"https:\/\/joveniajuveler.se\/en\/nyhetsbrev\/\" ><fieldset><p class='first_form  form_element form_fullwidth' id='element_avia_0_1'><label for=\"avia_0_1\">Email address <abbr class=\"required\" title=\"required\">*<\/abbr><\/label> <input name=\"avia_0_1\" class=\"text_input is_email\" type=\"text\" id=\"avia_0_1\" value=\"\" \/><\/p><p class='first_form  form_element form_fullwidth' id='element_avia_1_1'><label for=\"avia_1_1\">First name<\/label> <input name=\"avia_1_1\" class=\"text_input\" type=\"text\" id=\"avia_1_1\" value=\"\" \/><\/p><p class='first_form  form_element form_fullwidth' id='element_avia_2_1'><label for=\"avia_2_1\">Last name<\/label> <input name=\"avia_2_1\" class=\"text_input\" type=\"text\" id=\"avia_2_1\" value=\"\" \/><\/p><p class=\"form_element  first_form  form_element form_fullwidth av-last-visible-form-element modified_width\"><input type=\"hidden\" value=\"1\" name=\"avia_generated_form1\" \/><input type=\"submit\" value=\"Subscribe\" class=\"button\"  data-sending-label=\"Sending\"\/><\/p><p class=\"hidden\"><input type=\"text\" name=\"avia_avia_username_1\" class=\"hidden\" id=\"avia_avia_username_1\" value=\"\" \/><\/p><\/fieldset><input type=\"hidden\" name=\"trp-form-language\" value=\"en\"\/><\/form><div id=\"ajaxresponse_1\" class=\"ajaxresponse ajaxresponse_1 hidden\"><\/div><\/p><\/div><\/p>","protected":false},"excerpt":{"rendered":"","protected":false},"author":1,"featured_media":0,"parent":0,"menu_order":0,"comment_status":"closed","ping_status":"closed","template":"","meta":{"_monsterinsights_skip_tracking":false,"_monsterinsights_sitenote_active":false,"_monsterinsights_sitenote_note":"","_monsterinsights_sitenote_category":0,"footnotes":""},"class_list":["post-2510","page","type-page","status-publish","hentry"],"aioseo_notices":[],"_links":{"self":[{"href":"https:\/\/joveniajuveler.se\/en\/wp-json\/wp\/v2\/pages\/2510","targetHints":{"allow":["GET"]}}],"collection":[{"href":"https:\/\/joveniajuveler.se\/en\/wp-json\/wp\/v2\/pages"}],"about":[{"href":"https:\/\/joveniajuveler.se\/en\/wp-json\/wp\/v2\/types\/page"}],"author":[{"embeddable":true,"href":"https:\/\/joveniajuveler.se\/en\/wp-json\/wp\/v2\/users\/1"}],"replies":[{"embeddable":true,"href":"https:\/\/joveniajuveler.se\/en\/wp-json\/wp\/v2\/comments?post=2510"}],"version-history":[{"count":11,"href":"https:\/\/joveniajuveler.se\/en\/wp-json\/wp\/v2\/pages\/2510\/revisions"}],"predecessor-version":[{"id":2774,"href":"https:\/\/joveniajuveler.se\/en\/wp-json\/wp\/v2\/pages\/2510\/revisions\/2774"}],"wp:attachment":[{"href":"https:\/\/joveniajuveler.se\/en\/wp-json\/wp\/v2\/media?parent=2510"}],"curies":[{"name":"wp","href":"https:\/\/api.w.org\/{rel}","templated":true}]}}